{"id":59,"date":"2025-10-26T16:37:53","date_gmt":"2025-10-26T16:37:53","guid":{"rendered":"https:\/\/www.elektrokier.pl\/?page_id=59"},"modified":"2025-11-14T11:16:14","modified_gmt":"2025-11-14T11:16:14","slug":"pomiary","status":"publish","type":"page","link":"https:\/\/www.elektrokier.pl\/?page_id=59","title":{"rendered":"Pomiary"},"content":{"rendered":"\n<figure class=\"wp-block-video\"><video height=\"720\" style=\"aspect-ratio: 1690 \/ 720;\" width=\"1690\" src=\"http:\/\/www.elektrokier.pl\/wp-content\/uploads\/2025\/10\/lampy-test.mp4\"><\/video><\/figure>\n\n\n\n<p>Us\u0142ugi Pomiar\u00f3w Elektrycznych i Diagnostyki<\/p>\n\n\n\n<p>Pomiary Okresowe i Odbiorcze (NN\/SN):<\/p>\n\n\n\n<ul class=\"wp-block-list\">\n<li>Pomiary rezystancji izolacji obwod\u00f3w i kabli (NN i SN).<\/li>\n\n\n\n<li>Pomiary skuteczno\u015bci ochrony przeciwpora\u017ceniowej (impedancja p\u0119tli zwarcia).<\/li>\n\n\n\n<li>Badanie parametr\u00f3w i czasu zadzia\u0142ania wy\u0142\u0105cznik\u00f3w r\u00f3\u017cnicowopr\u0105dowych (RCD).<\/li>\n\n\n\n<li>Pomiary ci\u0105g\u0142o\u015bci po\u0142\u0105cze\u0144 wyr\u00f3wnawczych i g\u0142\u00f3wnego uziemienia.<\/li>\n\n\n\n<li>Pomiary rezystancji uziemienia instalacji odgromowej i uziemiaj\u0105cej.<\/li>\n\n\n\n<li>Pomiary i pr\u00f3by eksploatacyjne transformator\u00f3w i aparatury SN\/NN.<\/li>\n\n\n\n<li>Pomiary elektronarz\u0119dzi.<\/li>\n<\/ul>\n\n\n\n<p>Diagnostyka i Jako\u015b\u0107 Energii:<\/p>\n\n\n\n<ul class=\"wp-block-list\">\n<li>Badanie parametr\u00f3w jako\u015bci energii elektrycznej (napi\u0119cie, cz\u0119stotliwo\u015b\u0107, asymetria, harmoniczne).<\/li>\n\n\n\n<li>Pomiar obci\u0105\u017cenia pr\u0105dowego obwod\u00f3w (analiza rozp\u0142ywu pr\u0105d\u00f3w).<\/li>\n\n\n\n<li>Pomiary i analiza kompensacji mocy biernej.<\/li>\n\n\n\n<li>Pr\u00f3by napi\u0119ciowe kabli SN<\/li>\n\n\n\n<li>Diagnostyka i lokalizacja uszkodze\u0144 kabli elektroenergetycznych.<\/li>\n<\/ul>\n\n\n\n<p>Badania Termowizyjne:<\/p>\n\n\n\n<ul class=\"wp-block-list\">\n<li>Inspekcja termowizyjna rozdzielnic, szaf sterowniczych i po\u0142\u0105cze\u0144 kablowych.<\/li>\n\n\n\n<li>Badanie termograficzne transformator\u00f3w, szynoprzewod\u00f3w i aparatury SN.<\/li>\n\n\n\n<li>Diagnostyka przeci\u0105\u017ce\u0144 i niestabilno\u015bci po\u0142\u0105cze\u0144 w elementach instalacji elektroenergetycznych.<\/li>\n\n\n\n<li>Lokalizacja awarii i usterek wynikaj\u0105cych z nadmiernego grzania.<\/li>\n<\/ul>\n\n\n\n<p>Dokumentacja:<\/p>\n\n\n\n<ul class=\"wp-block-list\">\n<li>Sporz\u0105dzanie protoko\u0142\u00f3w pomiarowych zgodnych z obowi\u0105zuj\u0105cymi normami.<\/li>\n\n\n\n<li>Opracowanie ekspertyz i raport\u00f3w termowizyjnych z analiz\u0105\u00a0i\u00a0zaleceniami.<\/li>\n<\/ul>\n\n\n\n<p><\/p>\n","protected":false},"excerpt":{"rendered":"<p>Us\u0142ugi Pomiar\u00f3w Elektrycznych i Diagnostyki Pomiary Okresowe i Odbiorcze (NN\/SN): Diagnostyka i Jako\u015b\u0107 Energii: Badania Termowizyjne: Dokumentacja:<\/p>\n","protected":false},"author":1,"featured_media":0,"parent":0,"menu_order":0,"comment_status":"closed","ping_status":"closed","template":"","meta":{"_themeisle_gutenberg_block_has_review":false,"footnotes":""},"class_list":["post-59","page","type-page","status-publish","hentry"],"_links":{"self":[{"href":"https:\/\/www.elektrokier.pl\/index.php?rest_route=\/wp\/v2\/pages\/59","targetHints":{"allow":["GET"]}}],"collection":[{"href":"https:\/\/www.elektrokier.pl\/index.php?rest_route=\/wp\/v2\/pages"}],"about":[{"href":"https:\/\/www.elektrokier.pl\/index.php?rest_route=\/wp\/v2\/types\/page"}],"author":[{"embeddable":true,"href":"https:\/\/www.elektrokier.pl\/index.php?rest_route=\/wp\/v2\/users\/1"}],"replies":[{"embeddable":true,"href":"https:\/\/www.elektrokier.pl\/index.php?rest_route=%2Fwp%2Fv2%2Fcomments&post=59"}],"version-history":[{"count":3,"href":"https:\/\/www.elektrokier.pl\/index.php?rest_route=\/wp\/v2\/pages\/59\/revisions"}],"predecessor-version":[{"id":160,"href":"https:\/\/www.elektrokier.pl\/index.php?rest_route=\/wp\/v2\/pages\/59\/revisions\/160"}],"wp:attachment":[{"href":"https:\/\/www.elektrokier.pl\/index.php?rest_route=%2Fwp%2Fv2%2Fmedia&parent=59"}],"curies":[{"name":"wp","href":"https:\/\/api.w.org\/{rel}","templated":true}]}}