{"id":57,"date":"2025-10-26T16:37:42","date_gmt":"2025-10-26T16:37:42","guid":{"rendered":"https:\/\/www.elektrokier.pl\/?page_id=57"},"modified":"2025-11-14T11:14:23","modified_gmt":"2025-11-14T11:14:23","slug":"instalacje-energetyczne","status":"publish","type":"page","link":"https:\/\/www.elektrokier.pl\/?page_id=57","title":{"rendered":"Instalacje Energetyczne"},"content":{"rendered":"\n<figure class=\"wp-block-video\"><video height=\"480\" style=\"aspect-ratio: 1126 \/ 480;\" width=\"1126\" autoplay loop muted src=\"https:\/\/www.elektrokier.pl\/wp-content\/uploads\/2025\/11\/energetyka-Kier.mp4\"><\/video><\/figure>\n\n\n\n<p>Zakres Us\u0142ug Rob\u00f3t Energetycznych<\/p>\n\n\n\n<p>Linie i Sieci Energetyczne:<\/p>\n\n\n\n<ul class=\"wp-block-list\">\n<li>Budowa i modernizacja napowietrznych oraz kablowych linii elektroenergetycznych (NN, SN).<\/li>\n\n\n\n<li>Wykonanie kanalizacji kablowej oraz u\u0142o\u017cenie kabli energetycznych w gruncie.<\/li>\n\n\n\n<li>Monta\u017c, demonta\u017c i konserwacja s\u0142up\u00f3w i konstrukcji wsporczych.<\/li>\n\n\n\n<li>Realizacja przy\u0142\u0105czy energetycznych do sieci dystrybucyjnej.<\/li>\n<\/ul>\n\n\n\n<p>Stacje Transformatorowe i Rozdzielnie:<\/p>\n\n\n\n<ul class=\"wp-block-list\">\n<li>Kompleksowa budowa, monta\u017c i uruchomienie stacji transformatorowych (kontenerowych, s\u0142upowych, wn\u0119trzowych).<\/li>\n\n\n\n<li>Monta\u017c i modernizacja rozdzielnic \u015bredniego napi\u0119cia (SN) oraz niskiego napi\u0119cia (NN).<\/li>\n\n\n\n<li>Instalacja i konfiguracja system\u00f3w zabezpiecze\u0144 energetycznych i automatyki stacyjnej.<\/li>\n<\/ul>\n\n\n\n<p>Urz\u0105dzenia Elektroenergetyczne:<\/p>\n\n\n\n<ul class=\"wp-block-list\">\n<li>Dostawa, monta\u017c i uruchomienie agregat\u00f3w pr\u0105dotw\u00f3rczych (r\u00f3wnoleg\u0142a\/wyspowa praca).<\/li>\n\n\n\n<li>Instalacja baterii kondensator\u00f3w dla kompensacji mocy biernej.<\/li>\n\n\n\n<li>Monta\u017c i konfiguracja system\u00f3w zasilania gwarantowanego (UPS) du\u017cej mocy.<\/li>\n<\/ul>\n\n\n\n<p>Prace Specjalistyczne:<\/p>\n\n\n\n<ul class=\"wp-block-list\">\n<li>Prace Pod Napi\u0119ciem (PPN) \u2013 konserwacja i modernizacja sieci bez konieczno\u015bci wy\u0142\u0105czania.<\/li>\n\n\n\n<li>Wykonanie i pomiary g\u0142\u00f3wnych uziemie\u0144 dla obiekt\u00f3w\u00a0energetycznych.<\/li>\n<\/ul>\n","protected":false},"excerpt":{"rendered":"<p>Zakres Us\u0142ug Rob\u00f3t Energetycznych Linie i Sieci Energetyczne: Stacje Transformatorowe i Rozdzielnie: Urz\u0105dzenia Elektroenergetyczne: Prace Specjalistyczne:<\/p>\n","protected":false},"author":1,"featured_media":0,"parent":0,"menu_order":0,"comment_status":"closed","ping_status":"closed","template":"","meta":{"_themeisle_gutenberg_block_has_review":false,"footnotes":""},"class_list":["post-57","page","type-page","status-publish","hentry"],"_links":{"self":[{"href":"https:\/\/www.elektrokier.pl\/index.php?rest_route=\/wp\/v2\/pages\/57","targetHints":{"allow":["GET"]}}],"collection":[{"href":"https:\/\/www.elektrokier.pl\/index.php?rest_route=\/wp\/v2\/pages"}],"about":[{"href":"https:\/\/www.elektrokier.pl\/index.php?rest_route=\/wp\/v2\/types\/page"}],"author":[{"embeddable":true,"href":"https:\/\/www.elektrokier.pl\/index.php?rest_route=\/wp\/v2\/users\/1"}],"replies":[{"embeddable":true,"href":"https:\/\/www.elektrokier.pl\/index.php?rest_route=%2Fwp%2Fv2%2Fcomments&post=57"}],"version-history":[{"count":5,"href":"https:\/\/www.elektrokier.pl\/index.php?rest_route=\/wp\/v2\/pages\/57\/revisions"}],"predecessor-version":[{"id":159,"href":"https:\/\/www.elektrokier.pl\/index.php?rest_route=\/wp\/v2\/pages\/57\/revisions\/159"}],"wp:attachment":[{"href":"https:\/\/www.elektrokier.pl\/index.php?rest_route=%2Fwp%2Fv2%2Fmedia&parent=57"}],"curies":[{"name":"wp","href":"https:\/\/api.w.org\/{rel}","templated":true}]}}