{"id":55,"date":"2025-10-26T16:37:19","date_gmt":"2025-10-26T16:37:19","guid":{"rendered":"https:\/\/www.elektrokier.pl\/?page_id=55"},"modified":"2025-11-14T11:12:40","modified_gmt":"2025-11-14T11:12:40","slug":"odnawialne-zrodla-energii","status":"publish","type":"page","link":"https:\/\/www.elektrokier.pl\/?page_id=55","title":{"rendered":"Odnawialne \u017ar\u00f3d\u0142a energii"},"content":{"rendered":"\n<figure class=\"wp-block-video\"><video height=\"480\" style=\"aspect-ratio: 1126 \/ 480;\" width=\"1126\" autoplay loop muted src=\"https:\/\/www.elektrokier.pl\/wp-content\/uploads\/2025\/11\/OZE-kiery1.mp4\"><\/video><\/figure>\n\n\n\n<p>Zakres Us\u0142ug Odnawialnych \u0179r\u00f3de\u0142 Energii (OZE)<\/p>\n\n\n\n<p>Fotowoltaika (PV):<\/p>\n\n\n\n<ul class=\"wp-block-list\">\n<li>Projektowanie system\u00f3w fotowoltaicznych (dachowych, gruntowych).<\/li>\n\n\n\n<li>Kompleksowy monta\u017c instalacji PV, w tym paneli, inwerter\u00f3w i system\u00f3w zabezpiecze\u0144 DC\/AC.<\/li>\n\n\n\n<li>Integracja system\u00f3w monitorowania produkcji energii.<\/li>\n<\/ul>\n\n\n\n<p>Magazyny Energii (BESS):<\/p>\n\n\n\n<ul class=\"wp-block-list\">\n<li>Dob\u00f3r i instalacja bateryjnych system\u00f3w magazynowania energii (BESS).<\/li>\n\n\n\n<li>Integracja magazyn\u00f3w energii z istniej\u0105cymi lub nowymi instalacjami PV.<\/li>\n\n\n\n<li>Konfiguracja system\u00f3w do pracy w trybie off-grid i on-grid.<\/li>\n<\/ul>\n\n\n\n<p>Zarz\u0105dzanie Energi\u0105 i Optymalizacja:<\/p>\n\n\n\n<ul class=\"wp-block-list\">\n<li>Wdro\u017cenie system\u00f3w zarz\u0105dzania energi\u0105 (EMS) dla optymalizacji zu\u017cycia.<\/li>\n\n\n\n<li>Integracja stacji \u0142adowania pojazd\u00f3w elektrycznych (EV) z systemami OZE.<\/li>\n<\/ul>\n\n\n\n<p>Systemy Uzupe\u0142niaj\u0105ce:<\/p>\n\n\n\n<ul class=\"wp-block-list\">\n<li>Monta\u017c system\u00f3w podgrzewania wody u\u017cytkowej z wykorzystaniem PV (grza\u0142ki,\u00a0sterowniki).<\/li>\n<\/ul>\n\n\n\n<p><\/p>\n","protected":false},"excerpt":{"rendered":"<p>Zakres Us\u0142ug Odnawialnych \u0179r\u00f3de\u0142 Energii (OZE) Fotowoltaika (PV): Magazyny Energii (BESS): Zarz\u0105dzanie Energi\u0105 i Optymalizacja: Systemy Uzupe\u0142niaj\u0105ce:<\/p>\n","protected":false},"author":1,"featured_media":0,"parent":0,"menu_order":0,"comment_status":"closed","ping_status":"closed","template":"","meta":{"_themeisle_gutenberg_block_has_review":false,"footnotes":""},"class_list":["post-55","page","type-page","status-publish","hentry"],"_links":{"self":[{"href":"https:\/\/www.elektrokier.pl\/index.php?rest_route=\/wp\/v2\/pages\/55","targetHints":{"allow":["GET"]}}],"collection":[{"href":"https:\/\/www.elektrokier.pl\/index.php?rest_route=\/wp\/v2\/pages"}],"about":[{"href":"https:\/\/www.elektrokier.pl\/index.php?rest_route=\/wp\/v2\/types\/page"}],"author":[{"embeddable":true,"href":"https:\/\/www.elektrokier.pl\/index.php?rest_route=\/wp\/v2\/users\/1"}],"replies":[{"embeddable":true,"href":"https:\/\/www.elektrokier.pl\/index.php?rest_route=%2Fwp%2Fv2%2Fcomments&post=55"}],"version-history":[{"count":5,"href":"https:\/\/www.elektrokier.pl\/index.php?rest_route=\/wp\/v2\/pages\/55\/revisions"}],"predecessor-version":[{"id":157,"href":"https:\/\/www.elektrokier.pl\/index.php?rest_route=\/wp\/v2\/pages\/55\/revisions\/157"}],"wp:attachment":[{"href":"https:\/\/www.elektrokier.pl\/index.php?rest_route=%2Fwp%2Fv2%2Fmedia&parent=55"}],"curies":[{"name":"wp","href":"https:\/\/api.w.org\/{rel}","templated":true}]}}