{"id":53,"date":"2025-10-26T16:36:52","date_gmt":"2025-10-26T16:36:52","guid":{"rendered":"https:\/\/www.elektrokier.pl\/?page_id=53"},"modified":"2025-11-14T11:09:17","modified_gmt":"2025-11-14T11:09:17","slug":"audyty-doradztwo","status":"publish","type":"page","link":"https:\/\/www.elektrokier.pl\/?page_id=53","title":{"rendered":"Audyty &amp; Doradztwo"},"content":{"rendered":"\n<figure class=\"wp-block-video\"><video height=\"480\" style=\"aspect-ratio: 1126 \/ 480;\" width=\"1126\" autoplay loop muted src=\"https:\/\/www.elektrokier.pl\/wp-content\/uploads\/2025\/11\/Audyt-kier.mp4\"><\/video><\/figure>\n\n\n\n<p>Zakres us\u0142ug audyt\u00f3w i doradztwa<\/p>\n\n\n\n<p>Elektrycznych i Technicznych:<\/p>\n\n\n\n<ul class=\"wp-block-list\">\n<li>Audyt stanu technicznego instalacji elektrycznych (NN, SN), weryfikacja zgodno\u015bci z normami PN\/EN i wymogami bezpiecze\u0144stwa.<\/li>\n\n\n\n<li>Termowizyjna inspekcja rozdzielnic, po\u0142\u0105cze\u0144 i urz\u0105dze\u0144 elektroenergetycznych.<\/li>\n\n\n\n<li>Audyt i ocena stanu system\u00f3w ochrony odgromowej i uziemiaj\u0105cej.<\/li>\n\n\n\n<li>Weryfikacja poprawno\u015bci dzia\u0142ania system\u00f3w zasilania awaryjnego (UPS, agregaty).<\/li>\n\n\n\n<li>Audyt dokumentacji projektowej i powykonawczej.<\/li>\n<\/ul>\n\n\n\n<p>Optymalizacja Energetyczna:<\/p>\n\n\n\n<ul class=\"wp-block-list\">\n<li>Audyt efektywno\u015bci energetycznej obiektu lub procesu technologicznego.<\/li>\n\n\n\n<li>Analiza struktury zu\u017cycia energii elektrycznej i cieplnej.<\/li>\n\n\n\n<li>Badanie jako\u015bci energii elektrycznej (harmoniczne, niesymetryczno\u015b\u0107, fluktuacje napi\u0119cia).<\/li>\n\n\n\n<li>Optymalizacja system\u00f3w o\u015bwietleniowych pod k\u0105tem energooszcz\u0119dno\u015bci.<\/li>\n\n\n\n<li>Sporz\u0105dzanie \u015bwiadectw charakterystyki energetycznej.<\/li>\n<\/ul>\n\n\n\n<p>Doradztwo i Ekspertyzy:<\/p>\n\n\n\n<ul class=\"wp-block-list\">\n<li>Doradztwo techniczne w zakresie doboru urz\u0105dze\u0144 i technologii elektroenergetycznych.<\/li>\n\n\n\n<li>Opracowanie ekspertyz technicznych i opinii o stanie instalacji.<\/li>\n\n\n\n<li>Wsparcie w zakresie dostosowania instalacji do wymog\u00f3w Prawa Budowlanego i przepis\u00f3w przeciwpo\u017carowych.<\/li>\n\n\n\n<li>Konsultacje dotycz\u0105ce integracji odnawialnych \u017ar\u00f3de\u0142 energii (OZE) i magazynowania energii.<\/li>\n\n\n\n<li>Wsparcie w procesie wyboru taryf energetycznych i optymalizacji\u00a0um\u00f3w.<\/li>\n<\/ul>\n","protected":false},"excerpt":{"rendered":"<p>Zakres us\u0142ug audyt\u00f3w i doradztwa Elektrycznych i Technicznych: Optymalizacja Energetyczna: Doradztwo i Ekspertyzy:<\/p>\n","protected":false},"author":1,"featured_media":0,"parent":0,"menu_order":0,"comment_status":"closed","ping_status":"closed","template":"","meta":{"_themeisle_gutenberg_block_has_review":false,"footnotes":""},"class_list":["post-53","page","type-page","status-publish","hentry"],"_links":{"self":[{"href":"https:\/\/www.elektrokier.pl\/index.php?rest_route=\/wp\/v2\/pages\/53","targetHints":{"allow":["GET"]}}],"collection":[{"href":"https:\/\/www.elektrokier.pl\/index.php?rest_route=\/wp\/v2\/pages"}],"about":[{"href":"https:\/\/www.elektrokier.pl\/index.php?rest_route=\/wp\/v2\/types\/page"}],"author":[{"embeddable":true,"href":"https:\/\/www.elektrokier.pl\/index.php?rest_route=\/wp\/v2\/users\/1"}],"replies":[{"embeddable":true,"href":"https:\/\/www.elektrokier.pl\/index.php?rest_route=%2Fwp%2Fv2%2Fcomments&post=53"}],"version-history":[{"count":3,"href":"https:\/\/www.elektrokier.pl\/index.php?rest_route=\/wp\/v2\/pages\/53\/revisions"}],"predecessor-version":[{"id":153,"href":"https:\/\/www.elektrokier.pl\/index.php?rest_route=\/wp\/v2\/pages\/53\/revisions\/153"}],"wp:attachment":[{"href":"https:\/\/www.elektrokier.pl\/index.php?rest_route=%2Fwp%2Fv2%2Fmedia&parent=53"}],"curies":[{"name":"wp","href":"https:\/\/api.w.org\/{rel}","templated":true}]}}