{"id":51,"date":"2025-10-26T16:35:52","date_gmt":"2025-10-26T16:35:52","guid":{"rendered":"https:\/\/www.elektrokier.pl\/?page_id=51"},"modified":"2025-11-14T11:12:07","modified_gmt":"2025-11-14T11:12:07","slug":"serwis","status":"publish","type":"page","link":"https:\/\/www.elektrokier.pl\/?page_id=51","title":{"rendered":"Serwis"},"content":{"rendered":"\n<figure class=\"wp-block-video\"><video height=\"480\" style=\"aspect-ratio: 1126 \/ 480;\" width=\"1126\" autoplay loop muted src=\"https:\/\/www.elektrokier.pl\/wp-content\/uploads\/2025\/11\/serwis-Kier.mp4\"><\/video><\/figure>\n\n\n\n<p>Zakres us\u0142ug serwisu:<\/p>\n\n\n\n<p>Serwis Interwencyjny i Usuwanie Awarii<\/p>\n\n\n\n<ul class=\"wp-block-list\">\n<li>Lokalizacja i usuwanie usterek w instalacjach elektrycznych niskiego napi\u0119cia (NN).<\/li>\n\n\n\n<li>Diagnostyka i naprawa awarii zasilania oraz zwar\u0107.<\/li>\n\n\n\n<li>Interwencyjna wymiana aparatury modu\u0142owej (wy\u0142\u0105czniki, zabezpieczenia, styczniki).<\/li>\n\n\n\n<li>Przywracanie ci\u0105g\u0142o\u015bci dzia\u0142ania uszkodzonych obwod\u00f3w.<\/li>\n<\/ul>\n\n\n\n<p>Konserwacja Prewencyjna<\/p>\n\n\n\n<ul class=\"wp-block-list\">\n<li>Okresowe przegl\u0105dy techniczne i wizualne instalacji oraz urz\u0105dze\u0144 elektrycznych.<\/li>\n\n\n\n<li>Weryfikacja stanu po\u0142\u0105cze\u0144 (dokr\u0119canie, termowizja) w rozdzielnicach i szafach sterowniczych.<\/li>\n\n\n\n<li>Czyszczenie, kalibracja i regulacja element\u00f3w aparaturowych.<\/li>\n\n\n\n<li>Wymiana element\u00f3w eksploatacyjnych (filtry, zu\u017cyte&nbsp;aparaty).<\/li>\n<\/ul>\n\n\n\n<p>Serwis i konserwacja instalacji fotowoltaicznych<\/p>\n","protected":false},"excerpt":{"rendered":"<p>Zakres us\u0142ug serwisu: Serwis Interwencyjny i Usuwanie Awarii Konserwacja Prewencyjna Serwis i konserwacja instalacji fotowoltaicznych<\/p>\n","protected":false},"author":1,"featured_media":0,"parent":0,"menu_order":0,"comment_status":"closed","ping_status":"closed","template":"","meta":{"_themeisle_gutenberg_block_has_review":false,"footnotes":""},"class_list":["post-51","page","type-page","status-publish","hentry"],"_links":{"self":[{"href":"https:\/\/www.elektrokier.pl\/index.php?rest_route=\/wp\/v2\/pages\/51","targetHints":{"allow":["GET"]}}],"collection":[{"href":"https:\/\/www.elektrokier.pl\/index.php?rest_route=\/wp\/v2\/pages"}],"about":[{"href":"https:\/\/www.elektrokier.pl\/index.php?rest_route=\/wp\/v2\/types\/page"}],"author":[{"embeddable":true,"href":"https:\/\/www.elektrokier.pl\/index.php?rest_route=\/wp\/v2\/users\/1"}],"replies":[{"embeddable":true,"href":"https:\/\/www.elektrokier.pl\/index.php?rest_route=%2Fwp%2Fv2%2Fcomments&post=51"}],"version-history":[{"count":5,"href":"https:\/\/www.elektrokier.pl\/index.php?rest_route=\/wp\/v2\/pages\/51\/revisions"}],"predecessor-version":[{"id":156,"href":"https:\/\/www.elektrokier.pl\/index.php?rest_route=\/wp\/v2\/pages\/51\/revisions\/156"}],"wp:attachment":[{"href":"https:\/\/www.elektrokier.pl\/index.php?rest_route=%2Fwp%2Fv2%2Fmedia&parent=51"}],"curies":[{"name":"wp","href":"https:\/\/api.w.org\/{rel}","templated":true}]}}