{"id":48,"date":"2025-10-26T16:33:40","date_gmt":"2025-10-26T16:33:40","guid":{"rendered":"https:\/\/www.elektrokier.pl\/?page_id=48"},"modified":"2025-11-14T11:11:00","modified_gmt":"2025-11-14T11:11:00","slug":"instalacje-teletechniczne","status":"publish","type":"page","link":"https:\/\/www.elektrokier.pl\/?page_id=48","title":{"rendered":"Instalacje Teletechniczne"},"content":{"rendered":"\n<figure class=\"wp-block-video\"><video height=\"480\" style=\"aspect-ratio: 1126 \/ 480;\" width=\"1126\" autoplay loop muted src=\"https:\/\/www.elektrokier.pl\/wp-content\/uploads\/2025\/11\/teletechnika.mp4\"><\/video><\/figure>\n\n\n\n<p>Zakres us\u0142ug teletechnicznych:<\/p>\n\n\n\n<p>Sieci Strukturalne i Transmisyjne:<\/p>\n\n\n\n<ul class=\"wp-block-list\">\n<li>Projektowanie i wykonanie strukturalnych sieci LAN\/WAN (mied\u017a, \u015bwiat\u0142ow\u00f3d).<\/li>\n\n\n\n<li>Instalacja i konfiguracja aktywnych urz\u0105dze\u0144 sieciowych (switche, routery, punkty dost\u0119powe Wi-Fi).<\/li>\n\n\n\n<li>Wykonanie kanalizacji kablowej oraz instalacji \u015bwiat\u0142owodowych FTTx.<\/li>\n<\/ul>\n\n\n\n<p>Systemy Bezpiecze\u0144stwa:<\/p>\n\n\n\n<ul class=\"wp-block-list\">\n<li>Instalacja i uruchomienie system\u00f3w sygnalizacji w\u0142amania i napadu (SSWIN).<\/li>\n\n\n\n<li>Monta\u017c system\u00f3w kontroli dost\u0119pu (KD) oraz rejestracji czasu pracy (RCP).<\/li>\n\n\n\n<li>Projektowanie i wdro\u017cenie system\u00f3w monitoringu wizyjnego (CCTV\/IP).<\/li>\n\n\n\n<li>Instalacja system\u00f3w domofonowych i wideodomofonowych.<\/li>\n<\/ul>\n\n\n\n<p>Systemy Sygnalizacji Po\u017caru (SAP):<\/p>\n\n\n\n<ul class=\"wp-block-list\">\n<li>Monta\u017c, programowanie i serwis system\u00f3w sygnalizacji po\u017caru (SAP).<\/li>\n\n\n\n<li>Instalacja system\u00f3w oddymiania i urz\u0105dze\u0144 steruj\u0105cych.<\/li>\n<\/ul>\n\n\n\n<p>Systemy Audiowizualne i D\u017awi\u0119kowe:<\/p>\n\n\n\n<ul class=\"wp-block-list\">\n<li>Instalacja system\u00f3w nag\u0142o\u015bnienia ostrzegawczego (DSO).<\/li>\n\n\n\n<li>Monta\u017c system\u00f3w konferencyjnych, audiowizualnych i&nbsp;teletekstowych.<\/li>\n<\/ul>\n","protected":false},"excerpt":{"rendered":"<p>Zakres us\u0142ug teletechnicznych: Sieci Strukturalne i Transmisyjne: Systemy Bezpiecze\u0144stwa: Systemy Sygnalizacji Po\u017caru (SAP): Systemy Audiowizualne i D\u017awi\u0119kowe:<\/p>\n","protected":false},"author":1,"featured_media":0,"parent":0,"menu_order":0,"comment_status":"closed","ping_status":"closed","template":"","meta":{"_themeisle_gutenberg_block_has_review":false,"footnotes":""},"class_list":["post-48","page","type-page","status-publish","hentry"],"_links":{"self":[{"href":"https:\/\/www.elektrokier.pl\/index.php?rest_route=\/wp\/v2\/pages\/48","targetHints":{"allow":["GET"]}}],"collection":[{"href":"https:\/\/www.elektrokier.pl\/index.php?rest_route=\/wp\/v2\/pages"}],"about":[{"href":"https:\/\/www.elektrokier.pl\/index.php?rest_route=\/wp\/v2\/types\/page"}],"author":[{"embeddable":true,"href":"https:\/\/www.elektrokier.pl\/index.php?rest_route=\/wp\/v2\/users\/1"}],"replies":[{"embeddable":true,"href":"https:\/\/www.elektrokier.pl\/index.php?rest_route=%2Fwp%2Fv2%2Fcomments&post=48"}],"version-history":[{"count":6,"href":"https:\/\/www.elektrokier.pl\/index.php?rest_route=\/wp\/v2\/pages\/48\/revisions"}],"predecessor-version":[{"id":155,"href":"https:\/\/www.elektrokier.pl\/index.php?rest_route=\/wp\/v2\/pages\/48\/revisions\/155"}],"wp:attachment":[{"href":"https:\/\/www.elektrokier.pl\/index.php?rest_route=%2Fwp%2Fv2%2Fmedia&parent=48"}],"curies":[{"name":"wp","href":"https:\/\/api.w.org\/{rel}","templated":true}]}}