{"id":25,"date":"2025-10-26T12:50:00","date_gmt":"2025-10-26T12:50:00","guid":{"rendered":"https:\/\/www.elektrokier.pl\/?page_id=25"},"modified":"2025-11-14T11:03:11","modified_gmt":"2025-11-14T11:03:11","slug":"instalacje-elektryczne","status":"publish","type":"page","link":"https:\/\/www.elektrokier.pl\/?page_id=25","title":{"rendered":"Instalacje elektryczne"},"content":{"rendered":"\n<figure class=\"wp-block-video\"><video height=\"480\" style=\"aspect-ratio: 1126 \/ 480;\" width=\"1126\" autoplay loop muted src=\"https:\/\/www.elektrokier.pl\/wp-content\/uploads\/2025\/11\/elektryka-kier.mp4\"><\/video><\/figure>\n\n\n\n<p>Jako specjali\u015bci w dziedzinie elektro-instalacji, oferujemy kompleksowy wachlarz us\u0142ug, gwarantuj\u0105cy niezawodno\u015b\u0107, bezpiecze\u0144stwo i efektywno\u015b\u0107 energetyczn\u0105 Pa\u0144stwa obiekt\u00f3w.<\/p>\n\n\n\n<p>Zakres us\u0142ug instalacji elektrycznych:<\/p>\n\n\n\n<ul class=\"wp-block-list\">\n<li>Instalacja system\u00f3w zasilania podstawowego i awaryjnego (SZR, agregaty pr\u0105dotw\u00f3rcze, UPS).<\/li>\n\n\n\n<li>Monta\u017c i pod\u0142\u0105czanie rozdzielnic oraz tablic pomiarowych.<\/li>\n\n\n\n<li>Instalacja o\u015bwietlenia wewn\u0119trznego i zewn\u0119trznego (w tym specjalistycznego i awaryjnego).<\/li>\n\n\n\n<li>Modernizacja i rozbudowa istniej\u0105cych instalacji, dostosowanie ich do aktualnych norm (PN\/EN) i zwi\u0119kszonego zapotrzebowania na moc.<\/li>\n\n\n\n<li>Wymiana i rozbudowa infrastruktury kablowej oraz osprz\u0119tu.<\/li>\n\n\n\n<li>Wdra\u017canie rozwi\u0105za\u0144 z zakresu inteligentnego zarz\u0105dzania budynkiem (BMS) i automatyki.<\/li>\n\n\n\n<li>Instalacje odgromowe i uziemiaj\u0105ce zapewniaj\u0105ce pe\u0142n\u0105 ochron\u0119 obiektu.<\/li>\n\n\n\n<li>Instalacje zwi\u0105zane z efektywno\u015bci\u0105 energetyczn\u0105 (np. systemy kompensacji&nbsp;mocy&nbsp;biernej).<\/li>\n\n\n\n<li>Wykonywanie rob\u00f3t w zakresie budowy kanalizacji\u00a0kablowej.<\/li>\n<\/ul>\n\n\n\n<p><\/p>\n","protected":false},"excerpt":{"rendered":"<p>Jako specjali\u015bci w dziedzinie elektro-instalacji, oferujemy kompleksowy wachlarz us\u0142ug, gwarantuj\u0105cy niezawodno\u015b\u0107, bezpiecze\u0144stwo i efektywno\u015b\u0107 energetyczn\u0105 Pa\u0144stwa obiekt\u00f3w. Zakres us\u0142ug instalacji elektrycznych:<\/p>\n","protected":false},"author":1,"featured_media":0,"parent":0,"menu_order":0,"comment_status":"closed","ping_status":"closed","template":"","meta":{"_themeisle_gutenberg_block_has_review":false,"footnotes":""},"class_list":["post-25","page","type-page","status-publish","hentry"],"_links":{"self":[{"href":"https:\/\/www.elektrokier.pl\/index.php?rest_route=\/wp\/v2\/pages\/25","targetHints":{"allow":["GET"]}}],"collection":[{"href":"https:\/\/www.elektrokier.pl\/index.php?rest_route=\/wp\/v2\/pages"}],"about":[{"href":"https:\/\/www.elektrokier.pl\/index.php?rest_route=\/wp\/v2\/types\/page"}],"author":[{"embeddable":true,"href":"https:\/\/www.elektrokier.pl\/index.php?rest_route=\/wp\/v2\/users\/1"}],"replies":[{"embeddable":true,"href":"https:\/\/www.elektrokier.pl\/index.php?rest_route=%2Fwp%2Fv2%2Fcomments&post=25"}],"version-history":[{"count":7,"href":"https:\/\/www.elektrokier.pl\/index.php?rest_route=\/wp\/v2\/pages\/25\/revisions"}],"predecessor-version":[{"id":148,"href":"https:\/\/www.elektrokier.pl\/index.php?rest_route=\/wp\/v2\/pages\/25\/revisions\/148"}],"wp:attachment":[{"href":"https:\/\/www.elektrokier.pl\/index.php?rest_route=%2Fwp%2Fv2%2Fmedia&parent=25"}],"curies":[{"name":"wp","href":"https:\/\/api.w.org\/{rel}","templated":true}]}}